{"id":3459,"date":"2024-09-27T13:38:35","date_gmt":"2024-09-27T13:38:35","guid":{"rendered":"https:\/\/hotshotz.pl\/?page_id=3459"},"modified":"2025-07-21T18:56:23","modified_gmt":"2025-07-21T18:56:23","slug":"o-nas","status":"publish","type":"page","link":"https:\/\/hotshotz.pl\/en\/o-nas\/","title":{"rendered":"O Nas"},"content":{"rendered":"<div data-elementor-type=\"wp-page\" data-elementor-id=\"3459\" class=\"elementor elementor-3459\">\n\t\t\t\t<div class=\"elementor-element elementor-element-96473f0 e-flex e-con-boxed e-con e-parent\" data-id=\"96473f0\" data-element_type=\"container\">\n\t\t\t\t\t<div class=\"e-con-inner\">\n\t\t\t\t<div class=\"elementor-element elementor-element-8ebcee6 paragraph_o-nas elementor-widget elementor-widget-text-editor\" data-id=\"8ebcee6\" data-element_type=\"widget\" data-widget_type=\"text-editor.default\">\n\t\t\t\t<div class=\"elementor-widget-container\">\n\t\t\t<style>\/*! elementor - v3.23.0 - 05-08-2024 *\/\n.elementor-widget-text-editor.elementor-drop-cap-view-stacked .elementor-drop-cap{background-color:#69727d;color:#fff}.elementor-widget-text-editor.elementor-drop-cap-view-framed .elementor-drop-cap{color:#69727d;border:3px solid;background-color:transparent}.elementor-widget-text-editor:not(.elementor-drop-cap-view-default) .elementor-drop-cap{margin-top:8px}.elementor-widget-text-editor:not(.elementor-drop-cap-view-default) .elementor-drop-cap-letter{width:1em;height:1em}.elementor-widget-text-editor .elementor-drop-cap{float:left;text-align:center;line-height:1;font-size:50px}.elementor-widget-text-editor .elementor-drop-cap-letter{display:inline-block}<\/style>\t\t\t\t<h2>Hotshotz \u2013 About Us<\/h2>\n<p>Since 2016, we've been helping businesses create impactful visual content.<\/p>\n<p>We specialize in video production and complement our offer with additional materials essential for daily business communication, for companies large and small.<\/p>\n<p>Our services include creating promotional and brand videos, covering corporate events, and providing live online streaming. We organize team photo sessions, product photography, and event coverage. Additionally, we handle video editing and produce graphic materials tailored specifically for your communication channels (LinkedIn, Instagram, Facebook, YouTube, TikTok, websites, and more).<\/p>\n<p>We collaborate with both global transportation corporations and small local restaurants. Our diverse portfolio includes projects in retail, beauty, event management, construction, and technology sectors.<\/p>\n<p>How do we work?<\/p>\n<p>\u2713 We manage the entire process \u2013 from concept to publication.<br>\u2713 Quick quoting \u2013 over 90% of our offers are sent the same day.<br>\u2713 We respect deadlines and understand that our clients often finish work by 5 PM on Fridays.<\/p>\n<p>We operate at client locations, in studios, and outdoors. We own extensive filming equipment and maintain strong relationships with major equipment rental providers in Poland. This enables us to select the perfect gear setup for each project. One day, we can produce a simple office recording with a single camera; the next, we can arrange five professional cameras along with operators for a large studio production.&nbsp;<\/p>\n<p>What sets us apart?<\/p>\n<p>&nbsp;\u2b50 We optimize workflows with each new project, saving our clients both time and resources. <br>\u2b50 We excel at crisis management and aren't afraid of challenging situations. <br>\u2b50 We offer tailor-made solutions \u2013 every project is a unique story to us.<\/p><p>Among our clients are renowned brands such as L\u2019Oreal, New Balance, Nespresso, the University of Warsaw, Lyreco, and Samsung. <br><br>Do you have a project we can help with? \ud83e\udef1 piotr@hotshotz.pl<\/p>\n<p><\/p>\t\t\t\t\t\t<\/div>\n\t\t\t\t<\/div>\n\t\t\t\t\t<\/div>\n\t\t\t\t<\/div>\n\t\t<div class=\"elementor-element elementor-element-94114f4 e-flex e-con-boxed e-con e-parent\" data-id=\"94114f4\" data-element_type=\"container\" data-settings=\"{&quot;background_background&quot;:&quot;classic&quot;}\">\n\t\t\t\t\t<div class=\"e-con-inner\">\n\t\t<div class=\"elementor-element elementor-element-5662b31 e-flex e-con-boxed e-con e-child\" data-id=\"5662b31\" data-element_type=\"container\">\n\t\t\t\t\t<div class=\"e-con-inner\">\n\t\t\t\t<div class=\"elementor-element elementor-element-e2dacde elementor-widget__width-initial elementor-widget elementor-widget-heading\" data-id=\"e2dacde\" data-element_type=\"widget\" data-widget_type=\"heading.default\">\n\t\t\t\t<div class=\"elementor-widget-container\">\n\t\t\t<style>\/*! elementor - v3.23.0 - 05-08-2024 *\/\n.elementor-heading-title{padding:0;margin:0;line-height:1}.elementor-widget-heading .elementor-heading-title[class*=elementor-size-]>a{color:inherit;font-size:inherit;line-height:inherit}.elementor-widget-heading .elementor-heading-title.elementor-size-small{font-size:15px}.elementor-widget-heading .elementor-heading-title.elementor-size-medium{font-size:19px}.elementor-widget-heading .elementor-heading-title.elementor-size-large{font-size:29px}.elementor-widget-heading .elementor-heading-title.elementor-size-xl{font-size:39px}.elementor-widget-heading .elementor-heading-title.elementor-size-xxl{font-size:59px}<\/style><h1 class=\"elementor-heading-title elementor-size-default\">What we can do for you:<\/h1>\t\t<\/div>\n\t\t\t\t<\/div>\n\t\t\t\t\t<\/div>\n\t\t\t\t<\/div>\n\t\t\t\t<div class=\"elementor-element elementor-element-f9e7464 home-accordion elementor-widget elementor-widget-genix-faq\" data-id=\"f9e7464\" data-element_type=\"widget\" data-widget_type=\"genix-faq.default\">\n\t\t\t\t<div class=\"elementor-widget-container\">\n\t\t\t\r\n        \r\n            <div class=\"accordion-area accordion\" id=\"faqaccordion-f9e7464\">\r\n                                    <div class=\"accordion-card\">\r\n                        <div class=\"accordion-header\" id=\"faqOne-0\">\r\n                            <button class=\"accordion-button\" type=\"button\" data-bs-toggle=\"collapse\" data-bs-target=\"#collapseOne-0\" aria-expanded=\"true\" aria-controls=\"collapseOne-0\">\r\n                                <span class=\"faq-number\">01<\/span>\r\n                                Video commercials                            <\/button>\r\n                        <\/div>\r\n                        <div id=\"collapseOne-0\" class=\"accordion-collapse collapse show\" aria-labelledby=\"faqOne-0\" data-bs-parent=\"#faqaccordion-f9e7464\">\r\n                            <div class=\"accordion-body\">\r\n                                <p class=\"faq-text\">Corporate videos \u25fc\ufe0e Branding video \u25fc\ufe0e Video ads \u25fc\ufe0e Influencer videos \u25fc\ufe0e LinkedIn Videos \u25fc\ufe0e Commercials \u25fc\ufe0e TV ads \u25fc\ufe0e Facebook videos \u25fc\ufe0e Instagram stories \u25fc\ufe0e TikTok videos \u25fc\ufe0e Behind-the-scenes videos \u25fc\ufe0e Social media videos<\/p>\r\n                            <\/div>\r\n                        <\/div>\r\n                    <\/div>\r\n                                    <div class=\"accordion-card\">\r\n                        <div class=\"accordion-header\" id=\"faqOne-1\">\r\n                            <button class=\"accordion-button collapsed\" type=\"button\" data-bs-toggle=\"collapse\" data-bs-target=\"#collapseOne-1\" aria-expanded=\"true\" aria-controls=\"collapseOne-1\">\r\n                                <span class=\"faq-number\">02<\/span>\r\n                                Product video                            <\/button>\r\n                        <\/div>\r\n                        <div id=\"collapseOne-1\" class=\"accordion-collapse collapse\" aria-labelledby=\"faqOne-1\" data-bs-parent=\"#faqaccordion-f9e7464\">\r\n                            <div class=\"accordion-body\">\r\n                                <p class=\"faq-text\">Product commercials \u25fc\ufe0e Video packshots \u25fc\ufe0e How-to videos \u25fc\ufe0e Video tutorials<\/p>\r\n                            <\/div>\r\n                        <\/div>\r\n                    <\/div>\r\n                                    <div class=\"accordion-card\">\r\n                        <div class=\"accordion-header\" id=\"faqOne-2\">\r\n                            <button class=\"accordion-button collapsed\" type=\"button\" data-bs-toggle=\"collapse\" data-bs-target=\"#collapseOne-2\" aria-expanded=\"true\" aria-controls=\"collapseOne-2\">\r\n                                <span class=\"faq-number\">03<\/span>\r\n                                Event video                            <\/button>\r\n                        <\/div>\r\n                        <div id=\"collapseOne-2\" class=\"accordion-collapse collapse\" aria-labelledby=\"faqOne-2\" data-bs-parent=\"#faqaccordion-f9e7464\">\r\n                            <div class=\"accordion-body\">\r\n                                <p class=\"faq-text\">Event highlights \u25fc\ufe0e Full event covarage \u25fc\ufe0e Video Interviews \u25fc\ufe0e Panel discussions \u25fc\ufe0e Workshop recordings \u25fc\ufe0e Live performances \u25fc\ufe0e Drone shots<\/p>\r\n                            <\/div>\r\n                        <\/div>\r\n                    <\/div>\r\n                                    <div class=\"accordion-card\">\r\n                        <div class=\"accordion-header\" id=\"faqOne-3\">\r\n                            <button class=\"accordion-button collapsed\" type=\"button\" data-bs-toggle=\"collapse\" data-bs-target=\"#collapseOne-3\" aria-expanded=\"true\" aria-controls=\"collapseOne-3\">\r\n                                <span class=\"faq-number\">04<\/span>\r\n                                Photography                            <\/button>\r\n                        <\/div>\r\n                        <div id=\"collapseOne-3\" class=\"accordion-collapse collapse\" aria-labelledby=\"faqOne-3\" data-bs-parent=\"#faqaccordion-f9e7464\">\r\n                            <div class=\"accordion-body\">\r\n                                <p class=\"faq-text\">Corporate portrait photography \u25fc\ufe0e Product photography \u25fc\ufe0e Event photography \u25fc\ufe0e Drone shots \u25fc\ufe0e CSR activities photography<\/p>\r\n                            <\/div>\r\n                        <\/div>\r\n                    <\/div>\r\n                                    <div class=\"accordion-card\">\r\n                        <div class=\"accordion-header\" id=\"faqOne-4\">\r\n                            <button class=\"accordion-button collapsed\" type=\"button\" data-bs-toggle=\"collapse\" data-bs-target=\"#collapseOne-4\" aria-expanded=\"true\" aria-controls=\"collapseOne-4\">\r\n                                <span class=\"faq-number\">05<\/span>\r\n                                Video conference                            <\/button>\r\n                        <\/div>\r\n                        <div id=\"collapseOne-4\" class=\"accordion-collapse collapse\" aria-labelledby=\"faqOne-4\" data-bs-parent=\"#faqaccordion-f9e7464\">\r\n                            <div class=\"accordion-body\">\r\n                                <p class=\"faq-text\">Live event coverage \u25fc\ufe0e Online video conference \u25fc\ufe0e Webinars \u25fc\ufe0e Live streaming on a custom-built streaming platform or on Facebook \/ YouTube \/ Zoom \/ Teams \/ Skype<\/p>\r\n                            <\/div>\r\n                        <\/div>\r\n                    <\/div>\r\n                            <\/div>\r\n\r\n        \t\t<\/div>\n\t\t\t\t<\/div>\n\t\t\t\t\t<\/div>\n\t\t\t\t<\/div>\n\t\t\t\t<\/div>","protected":false},"excerpt":{"rendered":"<p>Hotshotz &#8211; O nas Od 2016 roku wspieramy firmy w tworzeniu materia\u0142\u00f3w wizualnych. Specjalizujemy si\u0119 w tworzeniu film\u00f3w. Uzupe\u0142niamy nasz\u0105 ofert\u0119 o inne materia\u0142y, kt\u00f3rych potrzebuj\u0105 du\u017ce i ma\u0142e firmy w codziennej komunikacji. Produkujemy filmy reklamowe i wizerunkowe, robimy relacje z wydarze\u0144 firmowych oraz transmisje online. Organizujemy sesje zdj\u0119ciowe zespo\u0142u, zdj\u0119cia produktu, fotorelacje z wydarze\u0144. [&hellip;]<\/p>","protected":false},"author":1,"featured_media":0,"parent":0,"menu_order":0,"comment_status":"closed","ping_status":"closed","template":"","meta":{"_acf_changed":false,"_monsterinsights_skip_tracking":false,"_monsterinsights_sitenote_active":false,"_monsterinsights_sitenote_note":"","_monsterinsights_sitenote_category":0,"footnotes":""},"class_list":["post-3459","page","type-page","status-publish","hentry"],"acf":[],"aioseo_notices":[],"_links":{"self":[{"href":"https:\/\/hotshotz.pl\/en\/wp-json\/wp\/v2\/pages\/3459"}],"collection":[{"href":"https:\/\/hotshotz.pl\/en\/wp-json\/wp\/v2\/pages"}],"about":[{"href":"https:\/\/hotshotz.pl\/en\/wp-json\/wp\/v2\/types\/page"}],"author":[{"embeddable":true,"href":"https:\/\/hotshotz.pl\/en\/wp-json\/wp\/v2\/users\/1"}],"replies":[{"embeddable":true,"href":"https:\/\/hotshotz.pl\/en\/wp-json\/wp\/v2\/comments?post=3459"}],"version-history":[{"count":0,"href":"https:\/\/hotshotz.pl\/en\/wp-json\/wp\/v2\/pages\/3459\/revisions"}],"wp:attachment":[{"href":"https:\/\/hotshotz.pl\/en\/wp-json\/wp\/v2\/media?parent=3459"}],"curies":[{"name":"wp","href":"https:\/\/api.w.org\/{rel}","templated":true}]}}