{"id":1811,"date":"2024-03-01T09:12:53","date_gmt":"2024-03-01T09:12:53","guid":{"rendered":"https:\/\/frisk.themegenix.com\/?page_id=1811"},"modified":"2026-03-19T14:29:07","modified_gmt":"2026-03-19T14:29:07","slug":"contact","status":"publish","type":"page","link":"https:\/\/hotshotz.pl\/pl\/contact\/","title":{"rendered":"Contact"},"content":{"rendered":"\t\t<div data-elementor-type=\"wp-page\" data-elementor-id=\"1811\" class=\"elementor elementor-1811\">\n\t\t\t\t<div class=\"elementor-element elementor-element-8a182ce e-flex e-con-boxed e-con e-parent\" data-id=\"8a182ce\" data-element_type=\"container\">\n\t\t\t\t\t<div class=\"e-con-inner\">\n\t\t<div class=\"elementor-element elementor-element-21d0f51 e-con-full e-flex e-con e-child\" data-id=\"21d0f51\" data-element_type=\"container\">\n\t\t<div class=\"elementor-element elementor-element-d73baa5 e-con-full e-flex e-con e-child\" data-id=\"d73baa5\" data-element_type=\"container\" data-settings=\"{&quot;background_background&quot;:&quot;classic&quot;}\">\n\t\t\t\t<div class=\"elementor-element elementor-element-09bd8da elementor-widget elementor-widget-image\" data-id=\"09bd8da\" data-element_type=\"widget\" data-widget_type=\"image.default\">\n\t\t\t\t<div class=\"elementor-widget-container\">\n\t\t\t<style>\/*! elementor - v3.23.0 - 05-08-2024 *\/\n.elementor-widget-image{text-align:center}.elementor-widget-image a{display:inline-block}.elementor-widget-image a img[src$=\".svg\"]{width:48px}.elementor-widget-image img{vertical-align:middle;display:inline-block}<\/style>\t\t\t\t\t\t\t\t\t\t<img decoding=\"async\" width=\"36\" height=\"40\" src=\"https:\/\/hotshotz.pl\/wp-content\/uploads\/2024\/03\/map.svg\" class=\"attachment-full size-full wp-image-1813\" alt=\"\" \/>\t\t\t\t\t\t\t\t\t\t\t\t\t<\/div>\n\t\t\t\t<\/div>\n\t\t\t\t<div class=\"elementor-element elementor-element-23b2c94 elementor-widget__width-initial elementor-widget elementor-widget-heading\" data-id=\"23b2c94\" data-element_type=\"widget\" data-widget_type=\"heading.default\">\n\t\t\t\t<div class=\"elementor-widget-container\">\n\t\t\t<style>\/*! elementor - v3.23.0 - 05-08-2024 *\/\n.elementor-heading-title{padding:0;margin:0;line-height:1}.elementor-widget-heading .elementor-heading-title[class*=elementor-size-]>a{color:inherit;font-size:inherit;line-height:inherit}.elementor-widget-heading .elementor-heading-title.elementor-size-small{font-size:15px}.elementor-widget-heading .elementor-heading-title.elementor-size-medium{font-size:19px}.elementor-widget-heading .elementor-heading-title.elementor-size-large{font-size:29px}.elementor-widget-heading .elementor-heading-title.elementor-size-xl{font-size:39px}.elementor-widget-heading .elementor-heading-title.elementor-size-xxl{font-size:59px}<\/style><p class=\"elementor-heading-title elementor-size-default\">ul. Spacerowa 20a\/19, 00-592 Warszawa<\/p>\t\t<\/div>\n\t\t\t\t<\/div>\n\t\t\t\t<div class=\"elementor-element elementor-element-e568a17 no-pointer no-url elementor-widget elementor-widget-tg-btn\" data-id=\"e568a17\" data-element_type=\"widget\" data-widget_type=\"tg-btn.default\">\n\t\t\t\t<div class=\"elementor-widget-container\">\n\t\t\t\r\n\r\n        \r\n                            <a href=\"#\" rel=\"nofollow\" class=\"link-btn tg-btn\">\r\n                    <span class=\"link-effect\">\r\n                        <span class=\"effect-1\">Biuro<\/span>\r\n                        <span class=\"effect-1\">Biuro<\/span>\r\n                    <\/span>\r\n                    <svg width=\"13\" height=\"13\" viewBox=\"0 0 13 13\" fill=\"none\" xmlns=\"http:\/\/www.w3.org\/2000\/svg\">\r\n                        <path d=\"M2 11L11.2 1.8M12 11V1H2\" stroke=\"currentColor\" stroke-width=\"2\" stroke-linecap=\"square\" \/>\r\n                    <\/svg>\r\n                <\/a>\r\n            \r\n        \r\n\t\t<\/div>\n\t\t\t\t<\/div>\n\t\t\t\t<\/div>\n\t\t\t\t<\/div>\n\t\t<div class=\"elementor-element elementor-element-5715b1b e-con-full e-flex e-con e-child\" data-id=\"5715b1b\" data-element_type=\"container\">\n\t\t<div class=\"elementor-element elementor-element-8393585 e-con-full e-flex e-con e-child\" data-id=\"8393585\" data-element_type=\"container\" data-settings=\"{&quot;background_background&quot;:&quot;classic&quot;}\">\n\t\t\t\t<div class=\"elementor-element elementor-element-8db732b elementor-widget elementor-widget-image\" data-id=\"8db732b\" data-element_type=\"widget\" data-widget_type=\"image.default\">\n\t\t\t\t<div class=\"elementor-widget-container\">\n\t\t\t\t\t\t\t\t\t\t\t\t\t<img decoding=\"async\" width=\"40\" height=\"40\" src=\"https:\/\/hotshotz.pl\/wp-content\/uploads\/2024\/03\/message.svg\" class=\"attachment-full size-full wp-image-1724\" alt=\"\" \/>\t\t\t\t\t\t\t\t\t\t\t\t\t<\/div>\n\t\t\t\t<\/div>\n\t\t\t\t<div class=\"elementor-element elementor-element-f544dc7 elementor-widget elementor-widget-heading\" data-id=\"f544dc7\" data-element_type=\"widget\" data-widget_type=\"heading.default\">\n\t\t\t\t<div class=\"elementor-widget-container\">\n\t\t\t<p class=\"elementor-heading-title elementor-size-default\"><a href=\"mailto:biuro@hotshotz.pl\">biuro@hotshotz.pl<\/a><\/p>\t\t<\/div>\n\t\t\t\t<\/div>\n\t\t\t\t<div class=\"elementor-element elementor-element-ee0d1ab no-pointer no-url elementor-widget elementor-widget-tg-btn\" data-id=\"ee0d1ab\" data-element_type=\"widget\" data-widget_type=\"tg-btn.default\">\n\t\t\t\t<div class=\"elementor-widget-container\">\n\t\t\t\r\n\r\n        \r\n                            <a href=\"mailto:biuro@hotshotz.pl\" rel=\"nofollow\" class=\"link-btn tg-btn\">\r\n                    <span class=\"link-effect\">\r\n                        <span class=\"effect-1\">Napisz maila<\/span>\r\n                        <span class=\"effect-1\">Napisz maila<\/span>\r\n                    <\/span>\r\n                    <svg width=\"13\" height=\"13\" viewBox=\"0 0 13 13\" fill=\"none\" xmlns=\"http:\/\/www.w3.org\/2000\/svg\">\r\n                        <path d=\"M2 11L11.2 1.8M12 11V1H2\" stroke=\"currentColor\" stroke-width=\"2\" stroke-linecap=\"square\" \/>\r\n                    <\/svg>\r\n                <\/a>\r\n            \r\n        \r\n\t\t<\/div>\n\t\t\t\t<\/div>\n\t\t\t\t<\/div>\n\t\t\t\t<\/div>\n\t\t<div class=\"elementor-element elementor-element-77f0fff e-con-full e-flex e-con e-child\" data-id=\"77f0fff\" data-element_type=\"container\">\n\t\t<div class=\"elementor-element elementor-element-060e7d5 e-con-full e-flex e-con e-child\" data-id=\"060e7d5\" data-element_type=\"container\" data-settings=\"{&quot;background_background&quot;:&quot;classic&quot;}\">\n\t\t\t\t<div class=\"elementor-element elementor-element-050466e elementor-widget elementor-widget-image\" data-id=\"050466e\" data-element_type=\"widget\" data-widget_type=\"image.default\">\n\t\t\t\t<div class=\"elementor-widget-container\">\n\t\t\t\t\t\t\t\t\t\t\t\t\t<img decoding=\"async\" width=\"40\" height=\"40\" src=\"https:\/\/hotshotz.pl\/wp-content\/uploads\/2024\/03\/phone.svg\" class=\"attachment-full size-full wp-image-1725\" alt=\"\" \/>\t\t\t\t\t\t\t\t\t\t\t\t\t<\/div>\n\t\t\t\t<\/div>\n\t\t\t\t<div class=\"elementor-element elementor-element-eaf1e1f elementor-widget elementor-widget-heading\" data-id=\"eaf1e1f\" data-element_type=\"widget\" data-widget_type=\"heading.default\">\n\t\t\t\t<div class=\"elementor-widget-container\">\n\t\t\t<p class=\"elementor-heading-title elementor-size-default\">+48 692 331 004<\/p>\t\t<\/div>\n\t\t\t\t<\/div>\n\t\t\t\t<div class=\"elementor-element elementor-element-76cf2f1 no-pointer no-url elementor-widget elementor-widget-tg-btn\" data-id=\"76cf2f1\" data-element_type=\"widget\" data-widget_type=\"tg-btn.default\">\n\t\t\t\t<div class=\"elementor-widget-container\">\n\t\t\t\r\n\r\n        \r\n                            <a href=\"#\" rel=\"nofollow\" class=\"link-btn tg-btn\">\r\n                    <span class=\"link-effect\">\r\n                        <span class=\"effect-1\">Zadzwo\u0144<\/span>\r\n                        <span class=\"effect-1\">Zadzwo\u0144<\/span>\r\n                    <\/span>\r\n                    <svg width=\"13\" height=\"13\" viewBox=\"0 0 13 13\" fill=\"none\" xmlns=\"http:\/\/www.w3.org\/2000\/svg\">\r\n                        <path d=\"M2 11L11.2 1.8M12 11V1H2\" stroke=\"currentColor\" stroke-width=\"2\" stroke-linecap=\"square\" \/>\r\n                    <\/svg>\r\n                <\/a>\r\n            \r\n        \r\n\t\t<\/div>\n\t\t\t\t<\/div>\n\t\t\t\t<\/div>\n\t\t\t\t<\/div>\n\t\t\t\t\t<\/div>\n\t\t\t\t<\/div>\n\t\t<div class=\"elementor-element elementor-element-0b01deb e-con-full e-flex e-con e-parent\" data-id=\"0b01deb\" data-element_type=\"container\" data-settings=\"{&quot;background_background&quot;:&quot;classic&quot;}\">\n\t\t<div class=\"elementor-element elementor-element-ff53bdd e-flex e-con-boxed e-con e-child\" data-id=\"ff53bdd\" data-element_type=\"container\">\n\t\t\t\t\t<div class=\"e-con-inner\">\n\t\t\t\t<div class=\"elementor-element elementor-element-706bfb0 elementor-widget__width-initial elementor-absolute image-positon-css elementor-widget elementor-widget-google_maps\" data-id=\"706bfb0\" data-element_type=\"widget\" data-settings=\"{&quot;_position&quot;:&quot;absolute&quot;}\" data-widget_type=\"google_maps.default\">\n\t\t\t\t<div class=\"elementor-widget-container\">\n\t\t\t<style>\/*! elementor - v3.23.0 - 05-08-2024 *\/\n.elementor-widget-google_maps .elementor-widget-container{overflow:hidden}.elementor-widget-google_maps .elementor-custom-embed{line-height:0}.elementor-widget-google_maps iframe{height:300px}<\/style>\t\t<div class=\"elementor-custom-embed\">\n\t\t\t<iframe loading=\"lazy\"\n\t\t\t\t\tsrc=\"https:\/\/maps.google.com\/maps?q=Hotshotz&#038;t=m&#038;z=14&#038;output=embed&#038;iwloc=near\"\n\t\t\t\t\ttitle=\"Hotshotz\"\n\t\t\t\t\taria-label=\"Hotshotz\"\n\t\t\t><\/iframe>\n\t\t<\/div>\n\t\t\t\t<\/div>\n\t\t\t\t<\/div>\n\t\t<div class=\"elementor-element elementor-element-c00b389 e-con-full elementor-hidden-tablet elementor-hidden-mobile e-flex e-con e-child\" data-id=\"c00b389\" data-element_type=\"container\">\n\t\t\t\t<\/div>\n\t\t<div class=\"elementor-element elementor-element-e36882a e-con-full e-flex e-con e-child\" data-id=\"e36882a\" data-element_type=\"container\">\n\t\t\t\t<div class=\"elementor-element elementor-element-850ab74 elementor-widget elementor-widget-heading\" data-id=\"850ab74\" data-element_type=\"widget\" data-widget_type=\"heading.default\">\n\t\t\t\t<div class=\"elementor-widget-container\">\n\t\t\t<h2 class=\"elementor-heading-title elementor-size-default\">Masz jaki\u015b projekt na my\u015bli?<\/h2>\t\t<\/div>\n\t\t\t\t<\/div>\n\t\t\t\t<div class=\"elementor-element elementor-element-d9652b7 elementor-widget elementor-widget-heading\" data-id=\"d9652b7\" data-element_type=\"widget\" data-widget_type=\"heading.default\">\n\t\t\t\t<div class=\"elementor-widget-container\">\n\t\t\t<p class=\"elementor-heading-title elementor-size-default\">\u015awietnie! Porozmawiajmy.<\/p>\t\t<\/div>\n\t\t\t\t<\/div>\n\t\t\t\t<div class=\"elementor-element elementor-element-25346af elementor-widget elementor-widget-shortcode\" data-id=\"25346af\" data-element_type=\"widget\" data-widget_type=\"shortcode.default\">\n\t\t\t\t<div class=\"elementor-widget-container\">\n\t\t\t\t\t<div class=\"elementor-shortcode\">\n<div class=\"wpcf7 no-js\" id=\"wpcf7-f2218-o1\" lang=\"en-US\" dir=\"ltr\">\n<div class=\"screen-reader-response\"><p role=\"status\" aria-live=\"polite\" aria-atomic=\"true\"><\/p> <ul><\/ul><\/div>\n<form action=\"\/pl\/wp-json\/wp\/v2\/pages\/1811#wpcf7-f2218-o1\" method=\"post\" class=\"wpcf7-form init\" aria-label=\"Contact form\" novalidate=\"novalidate\" data-status=\"init\">\n<div style=\"display: none;\">\n<input type=\"hidden\" name=\"_wpcf7\" value=\"2218\" \/>\n<input type=\"hidden\" name=\"_wpcf7_version\" value=\"5.9.8\" \/>\n<input type=\"hidden\" name=\"_wpcf7_locale\" value=\"en_US\" \/>\n<input type=\"hidden\" name=\"_wpcf7_unit_tag\" value=\"wpcf7-f2218-o1\" \/>\n<input type=\"hidden\" name=\"_wpcf7_container_post\" value=\"0\" \/>\n<input type=\"hidden\" name=\"_wpcf7_posted_data_hash\" value=\"\" \/>\n<\/div>\n<div class=\"contact-form\">\n    <div class=\"row\">\n        <div class=\"col-md-6\">\n            <div class=\"form-group\">\n                <span class=\"wpcf7-form-control-wrap\" data-name=\"your-name\"><input size=\"40\" maxlength=\"400\" class=\"wpcf7-form-control wpcf7-text wpcf7-validates-as-required form-control style-border\" aria-required=\"true\" aria-invalid=\"false\" placeholder=\"Imi\u0119 i nazwisko*\" value=\"\" type=\"text\" name=\"your-name\" \/><\/span>\n            <\/div>\n        <\/div>\n        <div class=\"col-md-6\">\n            <div class=\"form-group\">\n                <span class=\"wpcf7-form-control-wrap\" data-name=\"your-email\"><input size=\"40\" maxlength=\"400\" class=\"wpcf7-form-control wpcf7-email wpcf7-validates-as-required wpcf7-text wpcf7-validates-as-email form-control style-border\" aria-required=\"true\" aria-invalid=\"false\" placeholder=\"Adres e-mail*\" value=\"\" type=\"email\" name=\"your-email\" \/><\/span>\n            <\/div>\n        <\/div>\n        <div class=\"col-lg-12\">\n            <div class=\"form-group\">\n                <span class=\"wpcf7-form-control-wrap\" data-name=\"your-website\"><input size=\"40\" maxlength=\"400\" class=\"wpcf7-form-control wpcf7-text form-control style-border\" aria-invalid=\"false\" placeholder=\"Link do strony\" value=\"\" type=\"text\" name=\"your-website\" \/><\/span>\n            <\/div>\n        <\/div>\n        <div class=\"col-lg-12\">\n            <div class=\"form-group\">\n                <span class=\"wpcf7-form-control-wrap\" data-name=\"your-message\"><textarea cols=\"40\" rows=\"10\" maxlength=\"2000\" class=\"wpcf7-form-control wpcf7-textarea wpcf7-validates-as-required form-control style-border\" aria-required=\"true\" aria-invalid=\"false\" placeholder=\"Jak mo\u017cemy pom\u00f3c?*\" name=\"your-message\"><\/textarea><\/span>\n            <\/div>\n        <\/div>\n    <\/div>\n    <div class=\"form-btn col-12\">\n        <button type=\"submit\" class=\"btn mt-20\">\n            <span class=\"link-effect\">\n                <span class=\"effect-1\">SEND MESSAGE<\/span>\n                <span class=\"effect-1\">SEND MESSAGE<\/span>\n            <\/span>\n        <\/button>\n    <\/div>\n<\/div><div class=\"wpcf7-response-output\" aria-hidden=\"true\"><\/div>\n<\/form>\n<\/div>\n<\/div>\n\t\t\t\t<\/div>\n\t\t\t\t<\/div>\n\t\t\t\t<\/div>\n\t\t\t\t\t<\/div>\n\t\t\t\t<\/div>\n\t\t\t\t<\/div>\n\t\t\t\t<\/div>\n\t\t","protected":false},"excerpt":{"rendered":"<p>ul. Spacerowa 20a\/19, 00-592 Warszawa Biuro Biuro biuro@hotshotz.pl Napisz maila Napisz maila +48 692 331 004 Zadzwo\u0144 Zadzwo\u0144 Masz jaki\u015b projekt na my\u015bli? \u015awietnie! Porozmawiajmy.<\/p>\n","protected":false},"author":1,"featured_media":0,"parent":0,"menu_order":0,"comment_status":"closed","ping_status":"closed","template":"elementor_header_footer","meta":{"_acf_changed":false,"_monsterinsights_skip_tracking":false,"_monsterinsights_sitenote_active":false,"_monsterinsights_sitenote_note":"","_monsterinsights_sitenote_category":0,"footnotes":""},"class_list":["post-1811","page","type-page","status-publish","hentry"],"acf":[],"aioseo_notices":[],"_links":{"self":[{"href":"https:\/\/hotshotz.pl\/pl\/wp-json\/wp\/v2\/pages\/1811"}],"collection":[{"href":"https:\/\/hotshotz.pl\/pl\/wp-json\/wp\/v2\/pages"}],"about":[{"href":"https:\/\/hotshotz.pl\/pl\/wp-json\/wp\/v2\/types\/page"}],"author":[{"embeddable":true,"href":"https:\/\/hotshotz.pl\/pl\/wp-json\/wp\/v2\/users\/1"}],"replies":[{"embeddable":true,"href":"https:\/\/hotshotz.pl\/pl\/wp-json\/wp\/v2\/comments?post=1811"}],"version-history":[{"count":62,"href":"https:\/\/hotshotz.pl\/pl\/wp-json\/wp\/v2\/pages\/1811\/revisions"}],"predecessor-version":[{"id":4133,"href":"https:\/\/hotshotz.pl\/pl\/wp-json\/wp\/v2\/pages\/1811\/revisions\/4133"}],"wp:attachment":[{"href":"https:\/\/hotshotz.pl\/pl\/wp-json\/wp\/v2\/media?parent=1811"}],"curies":[{"name":"wp","href":"https:\/\/api.w.org\/{rel}","templated":true}]}}