{"id":3459,"date":"2024-09-27T13:38:35","date_gmt":"2024-09-27T13:38:35","guid":{"rendered":"https:\/\/hotshotz.pl\/?page_id=3459"},"modified":"2025-07-21T18:56:23","modified_gmt":"2025-07-21T18:56:23","slug":"o-nas","status":"publish","type":"page","link":"https:\/\/hotshotz.pl\/pl\/o-nas\/","title":{"rendered":"O Nas"},"content":{"rendered":"\t\t<div data-elementor-type=\"wp-page\" data-elementor-id=\"3459\" class=\"elementor elementor-3459\">\n\t\t\t\t<div class=\"elementor-element elementor-element-96473f0 e-flex e-con-boxed e-con e-parent\" data-id=\"96473f0\" data-element_type=\"container\">\n\t\t\t\t\t<div class=\"e-con-inner\">\n\t\t\t\t<div class=\"elementor-element elementor-element-8ebcee6 paragraph_o-nas elementor-widget elementor-widget-text-editor\" data-id=\"8ebcee6\" data-element_type=\"widget\" data-widget_type=\"text-editor.default\">\n\t\t\t\t<div class=\"elementor-widget-container\">\n\t\t\t<style>\/*! elementor - v3.23.0 - 05-08-2024 *\/\n.elementor-widget-text-editor.elementor-drop-cap-view-stacked .elementor-drop-cap{background-color:#69727d;color:#fff}.elementor-widget-text-editor.elementor-drop-cap-view-framed .elementor-drop-cap{color:#69727d;border:3px solid;background-color:transparent}.elementor-widget-text-editor:not(.elementor-drop-cap-view-default) .elementor-drop-cap{margin-top:8px}.elementor-widget-text-editor:not(.elementor-drop-cap-view-default) .elementor-drop-cap-letter{width:1em;height:1em}.elementor-widget-text-editor .elementor-drop-cap{float:left;text-align:center;line-height:1;font-size:50px}.elementor-widget-text-editor .elementor-drop-cap-letter{display:inline-block}<\/style>\t\t\t\t<h2>Hotshotz &#8211; O nas<\/h2>\n<p>Od 2016 roku wspieramy firmy w tworzeniu materia\u0142\u00f3w wizualnych.<\/p>\n<p>Specjalizujemy si\u0119 w tworzeniu film\u00f3w. Uzupe\u0142niamy nasz\u0105 ofert\u0119 o inne materia\u0142y, kt\u00f3rych potrzebuj\u0105 du\u017ce i ma\u0142e firmy w codziennej komunikacji.<\/p>\n<p>Produkujemy filmy reklamowe i wizerunkowe, robimy relacje z wydarze\u0144 firmowych oraz transmisje online. Organizujemy sesje zdj\u0119ciowe zespo\u0142u, zdj\u0119cia produktu, fotorelacje z wydarze\u0144. Zajmujemy si\u0119 monta\u017cem video i przygotowujemy materia\u0142y graficzne dopasowane do kana\u0142\u00f3w komunikacji klienta (LinkedIn, Instagram, Facebook, YouTube, TikTok, Strona Internetowa i inne).<\/p>\n<p>Wsp\u00f3\u0142pracujemy zar\u00f3wno z globalnymi korporacjami transportowymi, jak i ma\u0142ymi lokalnymi restauracjami. W naszym portfolio znajduj\u0105 si\u0119 r\u00f3\u017cnorodne realizacje z bran\u017cy retail, beauty, eventowej, budowlanej i technologicznej.<\/p>\n<p>Jak pracujemy?<\/p>\n<p>\u2713 Prowadzimy ca\u0142y proces &#8211; od pomys\u0142u po publikacj\u0119.<br>\u2713 Szybko wyceniamy pierwsze zlecenie &#8211; ponad 90% ofert wysy\u0142amy tego samego dnia.<br>\u2713 Dzia\u0142amy terminowo i wiemy, \u017ce nasi klienci pracuj\u0105 do 17 w pi\u0105tek.<\/p>\n<p>Dzia\u0142amy na miejscu u klienta, w studiu i w plenerze.&nbsp; Mamy du\u017c\u0105 baz\u0119 w\u0142asnego sprz\u0119tu do produkcji filmowej, a tak\u017ce utrzymujemy relacje z g\u0142\u00f3wnymi rentalami sprz\u0119tu w Polsce. Dzi\u0119ki temu jeste\u015bmy w stanie dobra\u0107 idealny zestaw do ka\u017cdego zlecenia. Jednego dnia mo\u017cemy zrobi\u0107 proste nagranie z biura jedn\u0105 kamer\u0105, a kolejnego dnia zapewni\u0107 5 profesjonalnych kamer wraz z operatorami do du\u017cej realizacji w studio.&nbsp;<\/p>\n<p>Co nas wyr\u00f3\u017cnia?<\/p>\n<p>&nbsp;\u2b50 Optymalizujemy workflow wraz z kolejnymi zleceniami &#8211; tak oszcz\u0119dzamy czas i \u015brodki klienta. <br>\u2b50 Gasimy po\u017cary i nie boimy si\u0119 sytuacji wyj\u0105tkowych. <br>\u2b50 Proponujemy rozwi\u0105zania szyte na miar\u0119 &#8211; dla nas ka\u017cda wsp\u00f3\u0142praca to osobna historia.<\/p><p>W\u015br\u00f3d naszych klient\u00f3w s\u0105 mi\u0119dzy innymi:&nbsp;L&#8217;Oreal, New Balance, Nespresso, Uniwersytet Warszawski, Lyreco, Samsung. <br><br>Czy jest projekt, w kt\u00f3rym mo\u017cemy Ci\u0119 wesprze\u0107? \ud83e\udef1 piotr@hotshotz.pl<\/p>\n<p><\/p>\t\t\t\t\t\t<\/div>\n\t\t\t\t<\/div>\n\t\t\t\t\t<\/div>\n\t\t\t\t<\/div>\n\t\t<div class=\"elementor-element elementor-element-94114f4 e-flex e-con-boxed e-con e-parent\" data-id=\"94114f4\" data-element_type=\"container\" data-settings=\"{&quot;background_background&quot;:&quot;classic&quot;}\">\n\t\t\t\t\t<div class=\"e-con-inner\">\n\t\t<div class=\"elementor-element elementor-element-5662b31 e-flex e-con-boxed e-con e-child\" data-id=\"5662b31\" data-element_type=\"container\">\n\t\t\t\t\t<div class=\"e-con-inner\">\n\t\t\t\t<div class=\"elementor-element elementor-element-e2dacde elementor-widget__width-initial elementor-widget elementor-widget-heading\" data-id=\"e2dacde\" data-element_type=\"widget\" data-widget_type=\"heading.default\">\n\t\t\t\t<div class=\"elementor-widget-container\">\n\t\t\t<style>\/*! elementor - v3.23.0 - 05-08-2024 *\/\n.elementor-heading-title{padding:0;margin:0;line-height:1}.elementor-widget-heading .elementor-heading-title[class*=elementor-size-]>a{color:inherit;font-size:inherit;line-height:inherit}.elementor-widget-heading .elementor-heading-title.elementor-size-small{font-size:15px}.elementor-widget-heading .elementor-heading-title.elementor-size-medium{font-size:19px}.elementor-widget-heading .elementor-heading-title.elementor-size-large{font-size:29px}.elementor-widget-heading .elementor-heading-title.elementor-size-xl{font-size:39px}.elementor-widget-heading .elementor-heading-title.elementor-size-xxl{font-size:59px}<\/style><h1 class=\"elementor-heading-title elementor-size-default\">Co mo\u017cemy zrobi\u0107 dla Ciebie?<\/h1>\t\t<\/div>\n\t\t\t\t<\/div>\n\t\t\t\t\t<\/div>\n\t\t\t\t<\/div>\n\t\t\t\t<div class=\"elementor-element elementor-element-f9e7464 home-accordion elementor-widget elementor-widget-genix-faq\" data-id=\"f9e7464\" data-element_type=\"widget\" data-widget_type=\"genix-faq.default\">\n\t\t\t\t<div class=\"elementor-widget-container\">\n\t\t\t\r\n        \r\n            <div class=\"accordion-area accordion\" id=\"faqaccordion-f9e7464\">\r\n                                    <div class=\"accordion-card\">\r\n                        <div class=\"accordion-header\" id=\"faqOne-0\">\r\n                            <button class=\"accordion-button \" type=\"button\" data-bs-toggle=\"collapse\" data-bs-target=\"#collapseOne-0\" aria-expanded=\"true\" aria-controls=\"collapseOne-0\">\r\n                                <span class=\"faq-number\">01<\/span>\r\n                                Filmy reklamowe                            <\/button>\r\n                        <\/div>\r\n                        <div id=\"collapseOne-0\" class=\"accordion-collapse collapse show\" aria-labelledby=\"faqOne-0\" data-bs-parent=\"#faqaccordion-f9e7464\">\r\n                            <div class=\"accordion-body\">\r\n                                <p class=\"faq-text\">Filmy dla firm \u25fc\ufe0e Reklamy online \u25fc\ufe0e Filmy z influencerami \u25fc\ufe0e Filmy na LinkedIn \u25fc\ufe0e Filmy promocyjne \u25fc\ufe0e Reklamy TV \u25fc\ufe0e Reklamy na Facebooka \u25fc\ufe0e Instagram stories \u25fc\ufe0e Filmy na TikToka \u25fc\ufe0e Filmy typu behind-the-scenes \u25fc\ufe0e Filmy na social media<\/p>\r\n                            <\/div>\r\n                        <\/div>\r\n                    <\/div>\r\n                                    <div class=\"accordion-card\">\r\n                        <div class=\"accordion-header\" id=\"faqOne-1\">\r\n                            <button class=\"accordion-button collapsed\" type=\"button\" data-bs-toggle=\"collapse\" data-bs-target=\"#collapseOne-1\" aria-expanded=\"true\" aria-controls=\"collapseOne-1\">\r\n                                <span class=\"faq-number\">02<\/span>\r\n                                Filmy produktowe                            <\/button>\r\n                        <\/div>\r\n                        <div id=\"collapseOne-1\" class=\"accordion-collapse collapse \" aria-labelledby=\"faqOne-1\" data-bs-parent=\"#faqaccordion-f9e7464\">\r\n                            <div class=\"accordion-body\">\r\n                                <p class=\"faq-text\">Reklamy produkt\u00f3w \u25fc\ufe0e Tutoriale video \u25fc\ufe0e Packshoty video<\/p>\r\n                            <\/div>\r\n                        <\/div>\r\n                    <\/div>\r\n                                    <div class=\"accordion-card\">\r\n                        <div class=\"accordion-header\" id=\"faqOne-2\">\r\n                            <button class=\"accordion-button collapsed\" type=\"button\" data-bs-toggle=\"collapse\" data-bs-target=\"#collapseOne-2\" aria-expanded=\"true\" aria-controls=\"collapseOne-2\">\r\n                                <span class=\"faq-number\">03<\/span>\r\n                                Filmy z wydarze\u0144                            <\/button>\r\n                        <\/div>\r\n                        <div id=\"collapseOne-2\" class=\"accordion-collapse collapse \" aria-labelledby=\"faqOne-2\" data-bs-parent=\"#faqaccordion-f9e7464\">\r\n                            <div class=\"accordion-body\">\r\n                                <p class=\"faq-text\">Relacje z event\u00f3w \u25fc\ufe0e Rejestracje ca\u0142ych wydarze\u0144 \u25fc\ufe0e Uj\u0119cia z drona \u25fc\ufe0e Wywiady video \u25fc\ufe0e Nagrania paneli dyskusyjnych \u25fc\ufe0e Nagrania warsztat\u00f3w \u25fc\ufe0e Nagrania koncert\u00f3w \u25fc\ufe0e Nagrania gal rozdania nagr\u00f3d \u25fc\ufe0e Uj\u0119cia z drona<\/p>\r\n                            <\/div>\r\n                        <\/div>\r\n                    <\/div>\r\n                                    <div class=\"accordion-card\">\r\n                        <div class=\"accordion-header\" id=\"faqOne-3\">\r\n                            <button class=\"accordion-button collapsed\" type=\"button\" data-bs-toggle=\"collapse\" data-bs-target=\"#collapseOne-3\" aria-expanded=\"true\" aria-controls=\"collapseOne-3\">\r\n                                <span class=\"faq-number\">04<\/span>\r\n                                Zdj\u0119cia                            <\/button>\r\n                        <\/div>\r\n                        <div id=\"collapseOne-3\" class=\"accordion-collapse collapse \" aria-labelledby=\"faqOne-3\" data-bs-parent=\"#faqaccordion-f9e7464\">\r\n                            <div class=\"accordion-body\">\r\n                                <p class=\"faq-text\">Portrety biznesowe \u25fc\ufe0e Zdj\u0119cia pracownik\u00f3w \u25fc\ufe0e Fotografia produktowa \u25fc\ufe0e Zdj\u0119cia z event\u00f3w \u25fc\ufe0e Zdj\u0119cia z drona \u25fc\ufe0e Zdj\u0119cia z wydarze\u0144 CSR<\/p>\r\n                            <\/div>\r\n                        <\/div>\r\n                    <\/div>\r\n                                    <div class=\"accordion-card\">\r\n                        <div class=\"accordion-header\" id=\"faqOne-4\">\r\n                            <button class=\"accordion-button collapsed\" type=\"button\" data-bs-toggle=\"collapse\" data-bs-target=\"#collapseOne-4\" aria-expanded=\"true\" aria-controls=\"collapseOne-4\">\r\n                                <span class=\"faq-number\">05<\/span>\r\n                                Streaming                            <\/button>\r\n                        <\/div>\r\n                        <div id=\"collapseOne-4\" class=\"accordion-collapse collapse \" aria-labelledby=\"faqOne-4\" data-bs-parent=\"#faqaccordion-f9e7464\">\r\n                            <div class=\"accordion-body\">\r\n                                <p class=\"faq-text\">Transmisje wydarze\u0144 na \u017cywo \u25fc\ufe0e Konferencje online \u25fc\ufe0e Webinary \u25fc\ufe0e Streaming na indywidualnej platformie streamingowej lub na Facebook \/ YouTube \/ Zoom \/ Teams \/ Skype<\/p>\r\n                            <\/div>\r\n                        <\/div>\r\n                    <\/div>\r\n                            <\/div>\r\n\r\n        \t\t<\/div>\n\t\t\t\t<\/div>\n\t\t\t\t\t<\/div>\n\t\t\t\t<\/div>\n\t\t\t\t<\/div>\n\t\t","protected":false},"excerpt":{"rendered":"<p>Hotshotz &#8211; O nas Od 2016 roku wspieramy firmy w tworzeniu materia\u0142\u00f3w wizualnych. Specjalizujemy si\u0119 w tworzeniu film\u00f3w. Uzupe\u0142niamy nasz\u0105 ofert\u0119 o inne materia\u0142y, kt\u00f3rych potrzebuj\u0105 du\u017ce i ma\u0142e firmy w codziennej komunikacji. Produkujemy filmy reklamowe i wizerunkowe, robimy relacje z wydarze\u0144 firmowych oraz transmisje online. Organizujemy sesje zdj\u0119ciowe zespo\u0142u, zdj\u0119cia produktu, fotorelacje z wydarze\u0144. [&hellip;]<\/p>\n","protected":false},"author":1,"featured_media":0,"parent":0,"menu_order":0,"comment_status":"closed","ping_status":"closed","template":"","meta":{"_acf_changed":false,"_monsterinsights_skip_tracking":false,"_monsterinsights_sitenote_active":false,"_monsterinsights_sitenote_note":"","_monsterinsights_sitenote_category":0,"footnotes":""},"class_list":["post-3459","page","type-page","status-publish","hentry"],"acf":[],"aioseo_notices":[],"_links":{"self":[{"href":"https:\/\/hotshotz.pl\/pl\/wp-json\/wp\/v2\/pages\/3459"}],"collection":[{"href":"https:\/\/hotshotz.pl\/pl\/wp-json\/wp\/v2\/pages"}],"about":[{"href":"https:\/\/hotshotz.pl\/pl\/wp-json\/wp\/v2\/types\/page"}],"author":[{"embeddable":true,"href":"https:\/\/hotshotz.pl\/pl\/wp-json\/wp\/v2\/users\/1"}],"replies":[{"embeddable":true,"href":"https:\/\/hotshotz.pl\/pl\/wp-json\/wp\/v2\/comments?post=3459"}],"version-history":[{"count":16,"href":"https:\/\/hotshotz.pl\/pl\/wp-json\/wp\/v2\/pages\/3459\/revisions"}],"predecessor-version":[{"id":3756,"href":"https:\/\/hotshotz.pl\/pl\/wp-json\/wp\/v2\/pages\/3459\/revisions\/3756"}],"wp:attachment":[{"href":"https:\/\/hotshotz.pl\/pl\/wp-json\/wp\/v2\/media?parent=3459"}],"curies":[{"name":"wp","href":"https:\/\/api.w.org\/{rel}","templated":true}]}}