{"id":3520,"date":"2024-09-27T14:08:22","date_gmt":"2024-09-27T14:08:22","guid":{"rendered":"https:\/\/hotshotz.pl\/?page_id=3520"},"modified":"2024-10-16T15:09:42","modified_gmt":"2024-10-16T15:09:42","slug":"praca","status":"publish","type":"page","link":"https:\/\/hotshotz.pl\/pl\/praca\/","title":{"rendered":"Praca"},"content":{"rendered":"\t\t<div data-elementor-type=\"wp-page\" data-elementor-id=\"3520\" class=\"elementor elementor-3520\">\n\t\t\t\t<div class=\"elementor-element elementor-element-96473f0 e-flex e-con-boxed e-con e-parent\" data-id=\"96473f0\" data-element_type=\"container\">\n\t\t\t\t\t<div class=\"e-con-inner\">\n\t\t\t\t<div class=\"elementor-element elementor-element-8ebcee6 paragraph_o-nas elementor-widget elementor-widget-text-editor\" data-id=\"8ebcee6\" data-element_type=\"widget\" data-widget_type=\"text-editor.default\">\n\t\t\t\t<div class=\"elementor-widget-container\">\n\t\t\t<style>\/*! elementor - v3.23.0 - 05-08-2024 *\/\n.elementor-widget-text-editor.elementor-drop-cap-view-stacked .elementor-drop-cap{background-color:#69727d;color:#fff}.elementor-widget-text-editor.elementor-drop-cap-view-framed .elementor-drop-cap{color:#69727d;border:3px solid;background-color:transparent}.elementor-widget-text-editor:not(.elementor-drop-cap-view-default) .elementor-drop-cap{margin-top:8px}.elementor-widget-text-editor:not(.elementor-drop-cap-view-default) .elementor-drop-cap-letter{width:1em;height:1em}.elementor-widget-text-editor .elementor-drop-cap{float:left;text-align:center;line-height:1;font-size:50px}.elementor-widget-text-editor .elementor-drop-cap-letter{display:inline-block}<\/style>\t\t\t\t<p>Jeste\u015bmy otwarci na nowe wsp\u00f3\u0142prace z osobami zajmuj\u0105cymi si\u0119 tworzeniem film\u00f3w, zdj\u0119\u0107, grafiki oraz transmisji online. Je\u015bli chcesz z nami pracowa\u0107, wy\u015blij do nas mail na: <a href=\"mailto:piotr@hotshotz.pl\">praca@hotshotz.pl<\/a><\/p>\t\t\t\t\t\t<\/div>\n\t\t\t\t<\/div>\n\t\t\t\t\t<\/div>\n\t\t\t\t<\/div>\n\t\t\t\t<\/div>\n\t\t","protected":false},"excerpt":{"rendered":"<p>Jeste\u015bmy otwarci na nowe wsp\u00f3\u0142prace z osobami zajmuj\u0105cymi si\u0119 tworzeniem film\u00f3w, zdj\u0119\u0107, grafiki oraz transmisji online. Je\u015bli chcesz z nami pracowa\u0107, wy\u015blij do nas mail na: praca@hotshotz.pl<\/p>\n","protected":false},"author":1,"featured_media":0,"parent":0,"menu_order":0,"comment_status":"closed","ping_status":"closed","template":"","meta":{"_acf_changed":false,"_monsterinsights_skip_tracking":false,"_monsterinsights_sitenote_active":false,"_monsterinsights_sitenote_note":"","_monsterinsights_sitenote_category":0,"footnotes":""},"class_list":["post-3520","page","type-page","status-publish","hentry"],"acf":[],"aioseo_notices":[],"_links":{"self":[{"href":"https:\/\/hotshotz.pl\/pl\/wp-json\/wp\/v2\/pages\/3520"}],"collection":[{"href":"https:\/\/hotshotz.pl\/pl\/wp-json\/wp\/v2\/pages"}],"about":[{"href":"https:\/\/hotshotz.pl\/pl\/wp-json\/wp\/v2\/types\/page"}],"author":[{"embeddable":true,"href":"https:\/\/hotshotz.pl\/pl\/wp-json\/wp\/v2\/users\/1"}],"replies":[{"embeddable":true,"href":"https:\/\/hotshotz.pl\/pl\/wp-json\/wp\/v2\/comments?post=3520"}],"version-history":[{"count":13,"href":"https:\/\/hotshotz.pl\/pl\/wp-json\/wp\/v2\/pages\/3520\/revisions"}],"predecessor-version":[{"id":3702,"href":"https:\/\/hotshotz.pl\/pl\/wp-json\/wp\/v2\/pages\/3520\/revisions\/3702"}],"wp:attachment":[{"href":"https:\/\/hotshotz.pl\/pl\/wp-json\/wp\/v2\/media?parent=3520"}],"curies":[{"name":"wp","href":"https:\/\/api.w.org\/{rel}","templated":true}]}}